{"id":247927,"date":"2021-12-27T21:15:46","date_gmt":"2021-12-27T21:15:46","guid":{"rendered":"https:\/\/www.ascensus.com.mx\/cisgdl\/p1\/?page_id=247927"},"modified":"2023-06-02T05:40:03","modified_gmt":"2023-06-02T05:40:03","slug":"asesorias-capacitacion-cursos","status":"publish","type":"page","link":"https:\/\/www.ascensus.com.mx\/cisgdl\/p1\/asesorias-capacitacion-cursos\/","title":{"rendered":"asesorias-capacitacion-cursos"},"content":{"rendered":"<p>[et_pb_section fb_built=\u00bb1&#8243; module_id=\u00bbmenuFijo\u00bb _builder_version=\u00bb4.16&#8243; _module_preset=\u00bbdefault\u00bb background_enable_color=\u00bboff\u00bb positioning=\u00bbfixed\u00bb z_index=\u00bb999&#8243; custom_padding=\u00bb0px||0px||false|false\u00bb global_colors_info=\u00bb{}\u00bb][et_pb_row _builder_version=\u00bb4.16&#8243; _module_preset=\u00bbdefault\u00bb custom_margin=\u00bb-32px|auto||auto||\u00bb global_colors_info=\u00bb{}\u00bb][et_pb_column type=\u00bb4_4&#8243; _builder_version=\u00bb4.16&#8243; _module_preset=\u00bbdefault\u00bb global_colors_info=\u00bb{}\u00bb][et_pb_menu active_link_color=\u00bb#EDF000&#8243; logo=\u00bb@ET-DC@eyJkeW5hbWljIjp0cnVlLCJjb250ZW50Ijoic2l0ZV9sb2dvIiwic2V0dGluZ3MiOnt9fQ==@\u00bb logo_url=\u00bbhttps:\/\/www.ascensus.com.mx\/cisgdl\/p1\/index.php\u00bb active_link_color_tablet=\u00bb\u00bb active_link_color_phone=\u00bb\u00bb active_link_color_last_edited=\u00bbon|desktop\u00bb _builder_version=\u00bb4.16&#8243; _dynamic_attributes=\u00bblogo\u00bb _module_preset=\u00bbdefault\u00bb menu_font=\u00bb|600|||||||\u00bb menu_text_color=\u00bb#FFFFFF\u00bb menu_font_size=\u00bb20px\u00bb background_enable_color=\u00bboff\u00bb text_orientation=\u00bbright\u00bb background_layout=\u00bbdark\u00bb custom_padding=\u00bb0px||0px||false|false\u00bb menu_font_size_tablet=\u00bb16px\u00bb menu_font_size_phone=\u00bb14px\u00bb menu_font_size_last_edited=\u00bbon|phone\u00bb global_colors_info=\u00bb{}\u00bb active_link_color__hover_enabled=\u00bbon|hover\u00bb active_link_color__hover=\u00bb#EDF000&#8243; menu_text_color__hover_enabled=\u00bbon|desktop\u00bb menu_text_color__hover=\u00bb#EDF000&#8243;][\/et_pb_menu][\/et_pb_column][\/et_pb_row][\/et_pb_section][et_pb_section fb_built=\u00bb1&#8243; module_id=\u00bbmenuFijo\u00bb _builder_version=\u00bb4.16&#8243; _module_preset=\u00bbdefault\u00bb background_enable_color=\u00bboff\u00bb positioning=\u00bbfixed\u00bb z_index=\u00bb999&#8243; custom_padding=\u00bb0px||0px||false|false\u00bb global_colors_info=\u00bb{}\u00bb][et_pb_row _builder_version=\u00bb4.16&#8243; _module_preset=\u00bbdefault\u00bb custom_margin=\u00bb-32px|auto||auto||\u00bb global_colors_info=\u00bb{}\u00bb][et_pb_column type=\u00bb4_4&#8243; _builder_version=\u00bb4.16&#8243; _module_preset=\u00bbdefault\u00bb global_colors_info=\u00bb{}\u00bb][et_pb_menu active_link_color=\u00bb#EDF000&#8243; logo=\u00bb@ET-DC@eyJkeW5hbWljIjp0cnVlLCJjb250ZW50Ijoic2l0ZV9sb2dvIiwic2V0dGluZ3MiOnt9fQ==@\u00bb logo_url=\u00bbhttps:\/\/www.ascensus.com.mx\/cisgdl\/p1\/index.php\u00bb active_link_color_tablet=\u00bb\u00bb active_link_color_phone=\u00bb\u00bb active_link_color_last_edited=\u00bbon|desktop\u00bb _builder_version=\u00bb4.16&#8243; _dynamic_attributes=\u00bblogo\u00bb _module_preset=\u00bbdefault\u00bb menu_font=\u00bb|600|||||||\u00bb menu_text_color=\u00bb#FFFFFF\u00bb menu_font_size=\u00bb20px\u00bb background_enable_color=\u00bboff\u00bb text_orientation=\u00bbright\u00bb background_layout=\u00bbdark\u00bb custom_padding=\u00bb0px||0px||false|false\u00bb menu_font_size_tablet=\u00bb16px\u00bb menu_font_size_phone=\u00bb14px\u00bb menu_font_size_last_edited=\u00bbon|phone\u00bb global_colors_info=\u00bb{}\u00bb active_link_color__hover_enabled=\u00bbon|hover\u00bb active_link_color__hover=\u00bb#EDF000&#8243; menu_text_color__hover_enabled=\u00bbon|desktop\u00bb menu_text_color__hover=\u00bb#EDF000&#8243;][\/et_pb_menu][\/et_pb_column][\/et_pb_row][\/et_pb_section][et_pb_section fb_built=\u00bb1&#8243; fullwidth=\u00bbon\u00bb _builder_version=\u00bb4.16&#8243; _module_preset=\u00bbdefault\u00bb background_size=\u00bbinitial\u00bb background_position=\u00bbtop_center\u00bb custom_padding=\u00bb||||true|false\u00bb collapsed=\u00bboff\u00bb global_colors_info=\u00bb{}\u00bb][et_pb_fullwidth_slider _builder_version=\u00bb4.16&#8243; _module_preset=\u00bbdefault\u00bb custom_padding=\u00bb25%||25%||true|false\u00bb global_colors_info=\u00bb{}\u00bb][et_pb_slide heading=\u00bbAsesorias\u00bb button_text=\u00bbVer\u00bb button_link=\u00bb#asesorias\u00bb image=\u00bbhttp:\/\/www.ascensus.com.mx\/cisgdl\/p1\/wp-content\/uploads\/2021\/12\/Alpha-PNG.png\u00bb use_bg_overlay=\u00bbon\u00bb bg_overlay_color=\u00bbrgba(0,0,0,0.65)\u00bb _builder_version=\u00bb4.16&#8243; _module_preset=\u00bbdefault\u00bb header_font=\u00bbOswald|700|||||||\u00bb body_font_size=\u00bb24px\u00bb background_enable_color=\u00bboff\u00bb background_image=\u00bbhttp:\/\/www.ascensus.com.mx\/cisgdl\/p1\/wp-content\/uploads\/2021\/12\/banners-asesorias.jpg\u00bb background_enable_image=\u00bbon\u00bb text_orientation=\u00bbcenter\u00bb max_width=\u00bb80%\u00bb global_colors_info=\u00bb{}\u00bb sticky_transition=\u00bbon\u00bb]<\/p>\n<p>Contamos con decenas de cursos de capacitaci\u00f3n para que su personal est\u00e9 al d\u00eda.<\/p>\n<p>[\/et_pb_slide][et_pb_slide heading=\u00bbCapacitaci\u00f3n\u00bb button_text=\u00bbVer\u00bb button_link=\u00bb#capacitacion\u00bb image=\u00bbhttp:\/\/www.ascensus.com.mx\/cisgdl\/p1\/wp-content\/uploads\/2021\/12\/Alpha-PNG.png\u00bb use_bg_overlay=\u00bbon\u00bb bg_overlay_color=\u00bbrgba(0,0,0,0.36)\u00bb _builder_version=\u00bb4.16&#8243; _module_preset=\u00bbdefault\u00bb header_font=\u00bbOswald|700|||||||\u00bb body_font_size=\u00bb24px\u00bb background_enable_color=\u00bboff\u00bb background_image=\u00bbhttp:\/\/www.ascensus.com.mx\/cisgdl\/p1\/wp-content\/uploads\/2021\/12\/banners-capacitacion.jpg\u00bb background_enable_image=\u00bbon\u00bb text_orientation=\u00bbcenter\u00bb max_width=\u00bb100%\u00bb global_colors_info=\u00bb{}\u00bb sticky_transition=\u00bbon\u00bb]<\/p>\n<p>Contamos con decenas de cursos de capacitaci\u00f3n para que su personal est\u00e9 al d\u00eda.<\/p>\n<p>[\/et_pb_slide][et_pb_slide heading=\u00bbOtros Cursos\u00bb button_text=\u00bbVer\u00bb button_link=\u00bb#otros\u00bb image=\u00bbhttp:\/\/www.ascensus.com.mx\/cisgdl\/p1\/wp-content\/uploads\/2021\/12\/Alpha-PNG.png\u00bb use_bg_overlay=\u00bbon\u00bb bg_overlay_color=\u00bbrgba(0,0,0,0.36)\u00bb _builder_version=\u00bb4.16&#8243; _module_preset=\u00bbdefault\u00bb header_font=\u00bbOswald|700|||||||\u00bb body_font_size=\u00bb24px\u00bb background_enable_color=\u00bboff\u00bb background_image=\u00bbhttp:\/\/www.ascensus.com.mx\/cisgdl\/p1\/wp-content\/uploads\/2021\/12\/banners-otros-cursos-e1640651647991.jpg\u00bb background_enable_image=\u00bbon\u00bb text_orientation=\u00bbcenter\u00bb max_width=\u00bb55%\u00bb global_colors_info=\u00bb{}\u00bb sticky_transition=\u00bbon\u00bb]<\/p>\n<p>Contamos con decenas de cursos de capacitaci\u00f3n para que su personal est\u00e9 al d\u00eda.<\/p>\n<p>[\/et_pb_slide][et_pb_slide video_url=\u00bbhttp:\/\/www.ascensus.com.mx\/cisgdl\/p1\/wp-content\/uploads\/2022\/01\/Cis-banner.mp4&#8243; _builder_version=\u00bb4.16&#8243; _module_preset=\u00bbdefault\u00bb background_video_mp4=\u00bbhttp:\/\/www.ascensus.com.mx\/cisgdl\/p1\/wp-content\/uploads\/2022\/01\/Cis-banner.mp4&#8243; background_enable_video_mp4=\u00bbon\u00bb background_video_width=\u00bb100%\u00bb background_video_height=\u00bb100%\u00bb global_colors_info=\u00bb{}\u00bb sticky_transition=\u00bbon\u00bb][\/et_pb_slide][\/et_pb_fullwidth_slider][\/et_pb_section][et_pb_section fb_built=\u00bb1&#8243; module_id=\u00bbasesorias\u00bb _builder_version=\u00bb4.16&#8243; _module_preset=\u00bbdefault\u00bb global_colors_info=\u00bb{}\u00bb][et_pb_row column_structure=\u00bb2_3,1_3&#8243; _builder_version=\u00bb4.16&#8243; _module_preset=\u00bbdefault\u00bb global_colors_info=\u00bb{}\u00bb][et_pb_column type=\u00bb2_3&#8243; _builder_version=\u00bb4.16&#8243; _module_preset=\u00bbdefault\u00bb global_colors_info=\u00bb{}\u00bb][et_pb_image src=\u00bbhttp:\/\/www.ascensus.com.mx\/cisgdl\/p1\/wp-content\/uploads\/2021\/12\/man-with-welding-mask-his-head-raised-up-open-face-holding-welding-wires-electrode-his-hands_2.jpg\u00bb title_text=\u00bbA man with a welding mask on his head, raised up, open face, holding welding wires and an electrode in his hands.\u00bb _builder_version=\u00bb4.16&#8243; _module_preset=\u00bbdefault\u00bb global_colors_info=\u00bb{}\u00bb][\/et_pb_image][\/et_pb_column][et_pb_column type=\u00bb1_3&#8243; _builder_version=\u00bb4.16&#8243; _module_preset=\u00bbdefault\u00bb global_colors_info=\u00bb{}\u00bb][et_pb_text admin_label=\u00bbASESORIAS\u00bb _builder_version=\u00bb4.16&#8243; _module_preset=\u00bbdefault\u00bb text_font=\u00bbOswald|600|||||||\u00bb text_font_size=\u00bb32px\u00bb global_colors_info=\u00bb{}\u00bb]<\/p>\n<p>ASESORIAS<\/p>\n<p>[\/et_pb_text][et_pb_text _builder_version=\u00bb4.16&#8243; _module_preset=\u00bbdefault\u00bb text_font_size=\u00bb20px\u00bb header_font_size=\u00bb32px\u00bb global_colors_info=\u00bb{}\u00bb]<\/p>\n<p>Contamos con personal t\u00e9cnico competitivo y calificado para la supervisi\u00f3n de los procesos de soldadura al igual que para la creaci\u00f3n, desarrollo e implementaci\u00f3n de los mismos.<\/p>\n<p>[\/et_pb_text][\/et_pb_column][\/et_pb_row][\/et_pb_section][et_pb_section fb_built=\u00bb1&#8243; module_id=\u00bbcapacitacion\u00bb _builder_version=\u00bb4.20.0&#8243; _module_preset=\u00bbdefault\u00bb background_color=\u00bb#384d67&#8243; hover_enabled=\u00bb0&#8243; global_colors_info=\u00bb{}\u00bb global_module=\u00bb249399&#8243; saved_tabs=\u00bball\u00bb admin_label=\u00bbTABLA DE CURSOS\u00bb sticky_enabled=\u00bb0&#8243;][et_pb_row _builder_version=\u00bb4.16&#8243; _module_preset=\u00bbdefault\u00bb global_colors_info=\u00bb{}\u00bb][et_pb_column type=\u00bb4_4&#8243; _builder_version=\u00bb4.16&#8243; _module_preset=\u00bbdefault\u00bb global_colors_info=\u00bb{}\u00bb][et_pb_text _builder_version=\u00bb4.16&#8243; _module_preset=\u00bbdefault\u00bb text_font=\u00bbOswald|600|||||||\u00bb text_font_size=\u00bb36px\u00bb background_layout=\u00bbdark\u00bb global_colors_info=\u00bb{}\u00bb]<\/p>\n<p>C A P A C I T A C I O N<\/p>\n<p>[\/et_pb_text][et_pb_text admin_label=\u00bbParrafo\u00bb _builder_version=\u00bb4.16&#8243; _module_preset=\u00bbdefault\u00bb background_layout=\u00bbdark\u00bb global_colors_info=\u00bb{}\u00bb]<\/p>\n<p>Duis mattis justo ut imperdiet ornare. Vestibulum a lacus ante. Fusce placerat turpis et eros sollicitudin vulputate. Etiam vitae nisi suscipit, blandit tortor in, hendrerit metus. Etiam ut erat ac purus rutrum consequat sed in massa. Praesent sit amet condimentum ligula. Donec sed auctor risus. Maecenas pretium eget lectus sed convallis. Donec id dui posuere, congue odio id, condimentum neque. In orci turpis, fringilla ac tempor sit amet, facilisis vitae metus. <\/p>\n<p>[\/et_pb_text][et_pb_text _builder_version=\u00bb4.16&#8243; _module_preset=\u00bbdefault\u00bb background_layout=\u00bbdark\u00bb global_colors_info=\u00bb{}\u00bb]<\/p>\n<h1 style=\"text-align: center;\"><strong>LISTADO DE CURSO CENTRO INTEGRAL DE SOLDADURA\u00a0<\/strong><\/h1>\n<p>&nbsp;<\/p>\n<p>[\/et_pb_text][difl_advanced_data_table table_type=\u00bbimport_table\u00bb import_table_data=\u00bbNUMERO,CURSO,CATEGORIA,HORAS<br \/>\n1,MANEJO Y REPARACI\u00d3N DE LINEAS DE GAS NATURAL ,GAS NATURAL Y GAS LP,10<br \/>\n2,USO Y MANTENIMIENTO DE INSTALACIONES DE GAS NATURA,GAS NATURAL Y GAS LP,8<br \/>\n3,USO Y MANTENIMIENTO DE INSTALACIONES DE GAS LP,GAS NATURAL Y GAS LP,8<br \/>\n4,SEGURIDAD EN EL CONTROL DE LA ELECTRICIDAD EST\u00c1TICA,GAS NATURAL Y GAS LP,3<br \/>\n5,SEGURIDAD EN TRABAJOS EN ZANJAS Y EXCAVACIONES ,GAS NATURAL Y GAS LP,3<br \/>\n6,%22SEGURIDAD EN OPERACIONES DE MAQUINARIA INDUSTRIAL, IDENTIFICACION DE RIESGOS %22,GAS NATURAL Y GAS LP,4<br \/>\n7,SEGURIDAD EN MANEJO DE TEMPERATURAS ELEVADAS ABATIDAS,GAS NATURAL Y GAS LP,4<br \/>\n8,NOM-001-SEDG-1996 PLANTAS DE ALMACENAMIENTO PARA GAS LP DISE\u00d1O Y CONSTRUCCION (ASPECTOS DE SEGURIDAD PREVENTIVA Y RPOTECCION CIVIL ,GAS NATURAL Y GAS LP,8<br \/>\n9,NOM-003-SEDG-2004 ESTACIONES DE GAS LP PARA CARBURACION DISE\u00d1O Y CONSTRUCCION ASPECTOS DE SEGURIDAD INDUSTRIAL Y PROTECCION CIVIL ,GAS NATURAL Y GAS LP,8<br \/>\n10,NOM-004-SEDG-2004 ESPECIFICAIONES TECNICAS DE SEGURIDAD PARA EL DISE\u00d1O CONSTRUCCION Y MODIFICACION DE LAS INSTALACIONES FIJAS Y PERMANENTES DE APROVECHAMIENTO DE GAS LP,GAS NATURAL Y GAS LP,12<br \/>\n11,NOM-005-SESH-2010 EQUIPOS DE CARBURACION DE GAS LP EN MOTORES DE COMBUSTION INTERNA INSTALACIONES Y MANTENIMIENTO ESTABLECE LOS REQUISITOS MINIMOS DE SEGURIDAD ESPECIFICACIONES Y METODO DE LA PRUEBA ANALISIS DE RIESGOS EN OPERACIONES DE ACUERDO A LA NOM,GAS NATURAL Y GAS LP,10<br \/>\n12,NOM-006-SESH-2010 TALLEES DE EQUIPOS DE CARBURACION DE GAS LP DISE\u00d1O CONSTRUCCION OPERACI\u00d3N Y CONDICIONES DE SEGURIDAD ,GAS NATURAL Y GAS LP,10<br \/>\n13,NOM-007-SESH-2010 VEHICULOS PARA EL TRANSPORTE Y DISTRIBUCION DE GAS LP CONDICIONES DE SEGURIDAD ,GAS NATURAL Y GAS LP,8<br \/>\n14,NOM-011\/1\/SEDG-1999 CONDICIONES DE SEGURIDAD EN LOS RECIPIENTES PORTATILES PARA CONTENER GA LP ,GAS NATURAL Y GAS LP,8<br \/>\n15,NOM-010-SECRE-2002 GAS NATURAL COMPRIMIDO PARA USO AUTOMOTOR REQUISITOS MINIMOS DE SEGURIDAD PARA ESTACIONES DE SERVICIO ,GAS NATURAL Y GAS LP,12<br \/>\n16,NOM-001-SESH-2014 PROPIEDADES Y MANEJO DE GAS ,GAS NATURAL Y GAS LP,8<br \/>\n17,NOM-001-SESH-2014 DETECCION ATENCION Y SUPRESION DE FUGAS DE GAS LP ,GAS NATURAL Y GAS LP,4<br \/>\n18,NOM-001-SESH-2014 MANEJO DE VEHICULOS PARA TRASPORTE DE GAS LP ,GAS NATURAL Y GAS LP,4<br \/>\n19,NOM-001SESH-2014 MANEJO DE HERRAMIENTAS EQUIPO Y ACTIVOS UTILIZADOS PARA DISTRIBUCION DE GAS LP,GAS NATURAL Y GAS LP,4<br \/>\n20,DETECCION Y CENTRADO DE FUGAS DE GAS NATURAL Y GAS LP ,GAS NATURAL Y GAS LP,9<br \/>\n21,GENERALIDADES DE GAS NATURAL Y GAS LP ,GAS NATURAL Y GAS LP,9<br \/>\n22,INSPECCION CONSTRUCCION Y MANTENIMIENTO DE INSTALACIONES DE GAS NATURAL ,GAS NATURAL Y GAS LP,40<br \/>\n23,JEFE DE OBRA DE GAS NATURAL ,GAS NATURAL Y GAS LP,40<br \/>\n24,NORMATIVA DEL GAS NATURAL Y GAS LP,GAS NATURAL Y GAS LP,25<br \/>\n25,TOPICOS SOBRE GAS NATURAL,GAS NATURAL Y GAS LP,12<br \/>\n26,INSTALACIONES INTERNAS DE GAS CON TUBERIA  PE-AL-PE,GAS NATURAL Y GAS LP,16<br \/>\n27,MANEJO Y PREVENCION DE RIESGOS CON GAS NATURAL ,GAS NATURAL Y GAS LP,8<br \/>\n28,SEGURIDAD EN INSTALACIONES CON GAS NATURAL ,GAS NATURAL Y GAS LP,10<br \/>\n29,INDUCCION A LA NORMATIVIDAD DEL GAS EN MEXICO ,GAS NATURAL Y GAS LP,8<br \/>\n30,TALLER USO DE UN DETECTOR DE GAS PORTATIL,GAS NATURAL Y GAS LP,7<br \/>\n31,CONTROL ESTADISTICO DE PROCESOS ,SISTEMAS DE CALIDAD,30<br \/>\n32,TRABAJO EN EQUIPO,SISTEMAS DE CALIDAD,30<br \/>\n33,SENSIBILIDAD AL CAMBIO ,SISTEMAS DE CALIDAD,20<br \/>\n34,CONTROL ESTADISTICO DE PROCESOS ,SISTEMAS DE CALIDAD,30<br \/>\n35,SEGURIDAD EN TRABAJOS DE CORTE Y SOLDADURA ,SISTEMAS DE CALIDAD,10<br \/>\n36,ANALISIS E INTERPRETACION DE NORMA ISO 9001-2008,SISTEMAS DE CALIDAD,16<br \/>\n37,AVANZADO BRIGADA DE EMERGENCIA ESPECIALIDAD GAS LP Y GAS NATURAL ,SISTEMAS DE CALIDAD,21<br \/>\n38,PROGRAMA DE SEGURIDAD BOLA ROJA ,SEGURIDAD INDUSTRIAL,24<br \/>\n39,TECNICAS DE CONDUCCION PROFESIONAL Y MANEJO DEFENSIVO,SEGURIDAD INDUSTRIAL,16<br \/>\n40,SELECCI\u00d3N USO Y CONSERVACION DEL EQUIPO DE PROTECCION PERSONAL ,SEGURIDAD INDUSTRIAL,3<br \/>\n41,MANEJO DE SUSTANCIAS PELIGROSAS Y COMUNICACI\u00d3N DE PELIGROS ,SEGURIDAD INDUSTRIAL,3<br \/>\n42,SEGURIDAD DE TRABAJOS EN ALTURAS,SEGURIDAD INDUSTRIAL,4<br \/>\n43,TEORIA DEL FUEGO Y SU CONTROL MANEJO DE EXTINTORES,SEGURIDAD INDUSTRIAL,3<br \/>\n44,SEGURIDAD EN TRABAJOS DE SOLDADURA DENTRO Y FUERA DEL TALLER,SEGURIDAD INDUSTRIAL,3<br \/>\n45,USO SELECCI\u00d3N Y CONSERVACION DE HERRAMIENTAS MANUALES Y ELECTRICAS ,SEGURIDAD INDUSTRIAL,3<br \/>\n46,LOTO SEGURIDAD CON ETIQUETADO Y CANDADEO ,SEGURIDAD INDUSTRIAL,2<br \/>\n47,SEGURIDAD EN PRUEBAS Y MANTENIMIENTO ELECTRICO ,SEGURIDAD INDUSTRIAL,3<br \/>\n48,SEGURIDAD EN TRABAJOS CON PLATAFORMAS Y ANDAMIOS ,SEGURIDAD INDUSTRIAL,3<br \/>\n49,SEGURIDAD EN MANIOBRAS DE IZAJE Y USO DE GRUAS,SEGURIDAD INDUSTRIAL,2<br \/>\n50,INTEGRACION Y ACTUACION DE LA COMISION DE SEGURIDAD E HIGIEN EN EL TRABAJO ,SEGURIDAD INDUSTRIAL,4<br \/>\n51,MANEJO DE MONTA CARGAS,SEGURIDAD INDUSTRIAL,4<br \/>\n52,MANEJO DE SUSTANCIAS PELIGROSAS Y SISTEMA GLOBALMENTE ARMONIZADO ,SEGURIDAD INDUSTRIAL,4<br \/>\n53,MANEJO OPERACI\u00d3N Y REPARACION DE RECIPENTES CRIOGENICOS ,SEGURIDAD INDUSTRIAL,4<br \/>\n54,MANEJO DE SUSTANCIAS CRIOGENICAS,SEGURIDAD INDUSTRIAL,4<br \/>\n55,MANEJO DE CARGAS MANUALES CON EQUIPO E HIGIENE DE LA ESPALDA,SEGURIDAD INDUSTRIAL,4<br \/>\n56,EQUIPO DE PROTECCION PERSONAL ,SEGURIDAD INDUSTRIAL,2<br \/>\n57,SISTEMA DE ALARMA Y DETECCION DE HUMO,SEGURIDAD INDUSTRIAL,2<br \/>\n58,SEGURIDAD SOCIAL ,SEGURIDAD INDUSTRIAL,3<br \/>\n59,PREVENCION DE RIESGOS DE TRABAJO ,SEGURIDAD INDUSTRIAL,2<br \/>\n60,RESIDUOS PELIGROSOS ,SEGURIDAD INDUSTRIAL,3<br \/>\n61,COORDINACION DE RESIDUOS DE MANEJO ESPECIAL ,SEGURIDAD INDUSTRIAL,2<br \/>\n62,COORDINACION DE SEGURIDAD BASICA II,SEGURIDAD INDUSTRIAL,4<br \/>\n63,MEDICINA DEL TRABAJO ,SEGURIDAD INDUSTRIAL,3<br \/>\n64,INTEGRACION DE LA BRIGADA DE EMERGENCIA Y COMBATE VS INCENDIO ,SEGURIDAD INDUSTRIAL,8<br \/>\n65,ELABORACION DEL PROGRAMA ESPECIFICO DE PROTECCION CIVIL ,SEGURIDAD INDUSTRIAL,40<br \/>\n66,ANALISIS DE RIESGOS PROTECCION CIVIL Y ECOLOGIA ,SEGURIDAD INDUSTRIAL,40<br \/>\n67,AVANZADO PRIMEROS AUXILIOS EN INDUSTRIAS QUIMICAS E INDUSTRIALES ,SEGURIDAD INDUSTRIAL,21<br \/>\n68,AVANZADO COMBATE CONTRA INCENDIOS PARA BRIGADISTAS PARA EMPRESAS QUIMICAS E INDUSTRIALES,SEGURIDAD INDUSTRIAL,24<br \/>\n69,AVANZADO BUSQUEDA Y RESCATE PARA EMPRESAS QUIMICAS E INDUSTRIALES,SEGURIDAD INDUSTRIAL,21<br \/>\n70,EVACUACION PARA EMPRESAS QUIMICAS E INDUSTRIALES ,SEGURIDAD INDUSTRIAL,21<br \/>\n71,AVANZADO BRIGADA DE EMERGENCIA ESPECIALIDAD GAS LP Y GAS NATURAL E INDUSTRIAS ,SEGURIDAD INDUSTRIAL,21<br \/>\n72,IMPLEMENTACION DE SISTEMAS ADMINISTRATIVO DE RESPONSABILIDAD INTEGRAL (ANIQSARI) SASISOPA (ASEA) ISO 45001 SISTEMA DE GESTION EN SEGURIDAD Y LA SALUD (AUTOGESTION OHSAS 1801),SEGURIDAD INDUSTRIAL,40<br \/>\n73,PROCESO DE SOLDADURA ,SOLDADURA,150<br \/>\n74,%22CURSO DE SOLDADURA POR ARCO METALICO POR GAS (GNAW, FCAW)%22,SOLDADURA,24<br \/>\n75,PROCESO DE SOLDADURA POR ARCO METALICO ,SOLDADURA,24<br \/>\n76,CURSO DE SOLDADURA POR ARCO TUGSTENO CON GAS ,SOLDADURA,24<br \/>\n77,CURSO SUPERVISOR DE SOLDADURA ,SOLDADURA,30<br \/>\n78,CURSO SUPERVISOR GENERAL ,SOLDADURA,30<br \/>\n79,SOLDADURA EN ESTA\u00d1O PARA INSTALACIONES DE COBRE EN GAS,SOLDADURA,10<br \/>\n80,AUTOCAD BASICO ,EN DISE\u00d1O E INGENIER\u00cdA,30<br \/>\n81,INGENIERIA EN PROYECTOS ,EN DISE\u00d1O E INGENIER\u00cdA,150<br \/>\n82,ADMINISTRACION EN PROYECTOS ,EN DISE\u00d1O E INGENIER\u00cdA,30<br \/>\n83,INTERPRETACION DE PLANOS I,EN DISE\u00d1O E INGENIER\u00cdA,20<br \/>\n84,INTERPRETACION DE PLANOS II,EN DISE\u00d1O E INGENIER\u00cdA,20<br \/>\n85,TOLERANCIAS GEOMETRICAS ,EN DISE\u00d1O E INGENIER\u00cdA,25<br \/>\n86,INTERPRETACION DE PLANOS MECANICOS ,EN DISE\u00d1O E INGENIER\u00cdA,24<br \/>\n87,INTERPRETACION DE CODIGO ASME SECCION VIII DIVISION I,EN DISE\u00d1O E INGENIER\u00cdA,30<br \/>\n88,INTERPRETACION CODIGO ASME SECCION IX,EN DISE\u00d1O E INGENIER\u00cdA,30<br \/>\n89,MANEJO Y OPERACI\u00d3N DE RECIPIENTES SUJETOS A PRESION ,EN DISE\u00d1O E INGENIER\u00cdA,4<br \/>\n90,BUENAS PRACTICAS DE MANUFACTURA ,PROCESOS DE MANUFACTURA ,12<br \/>\n91,MAQUINAS Y HERRAMIENTAS ,PROCESOS DE MANUFACTURA ,60<br \/>\n92,OPERADOR DE FRESADORA CONVENCIONAL ,PROCESOS DE MANUFACTURA ,56<br \/>\n93,OPERADOR DE GENERADOR DE VAPOR ,PROCESOS DE MANUFACTURA ,30<br \/>\n94,OPERACI\u00d3N DE TORNO CONVENCIONAL ,PROCESOS DE MANUFACTURA ,40<br \/>\n95,TEORIA DE TROQUELES,PROCESOS DE MANUFACTURA ,40<br \/>\n96,MANTENIMIENTO PREVENTIVO ,PROCESOS DE MANUFACTURA ,30<br \/>\n97,REFRIGERACION ,PROCESOS DE MANUFACTURA ,30<br \/>\n98,MANEJO Y OPERACI\u00d3N DE GENERADORES DE VAPOR ,PROCESOS DE MANUFACTURA ,10<br \/>\n99,MANEJO DE RECIPIENTES SUJETOS A PRESION NOM-020-STPS-2011,PROCESOS DE MANUFACTURA ,4&#8243; adt_order=\u00bbon\u00bb sorting_icon_color=\u00bb#FFFFFF\u00bb search_input_background_bgcolor=\u00bb#FFFFFF\u00bb head_background_bgcolor=\u00bb#3ca4fa\u00bb row_background_bgcolor=\u00bbRGBA(255,255,255,0)\u00bb row_odd_background_bgcolor=\u00bb#21334c\u00bb row_even_background_bgcolor=\u00bb#253e5d\u00bb paging_button_background_bgcolor=\u00bb#21334c\u00bb paging_active_button_background_bgcolor=\u00bb#21334c\u00bb pagination_dot_color=\u00bb#FFFFFF\u00bb info_select_background_bgcolor=\u00bb#3ca4fa\u00bb table_wrapper_padding=\u00bb|||0px|false|false\u00bb icon_color=\u00bbRGBA(255,255,255,0)\u00bb link_background_bgcolor=\u00bb#E02B20&#8243; _builder_version=\u00bb4.16&#8243; _module_preset=\u00bbdefault\u00bb head_text_text_align=\u00bbcenter\u00bb head_text_text_color=\u00bb#FFFFFF\u00bb row_text_text_color=\u00bb#FFFFFF\u00bb no_match_text_text_color=\u00bb#FFFFFF\u00bb search_lebel_text_text_color=\u00bb#FFFFFF\u00bb search_input_text_text_color=\u00bb#000000&#8243; pagination_disable_button_text_text_color=\u00bb#FFFFFF\u00bb pagination_current_button_text_font=\u00bb|600|||||||\u00bb pagination_current_button_text_text_color=\u00bb#1e2d06&#8243; paging_text_text_color=\u00bb#FFFFFF\u00bb info_text_text_color=\u00bb#FFFFFF\u00bb background_enable_color=\u00bboff\u00bb module_alignment=\u00bbcenter\u00bb custom_padding=\u00bb||||false|true\u00bb border_width_all_table_border=\u00bb0px\u00bb border_width_all_row_border=\u00bb0px\u00bb border_color_all_row_border=\u00bb#384d67&#8243; border_width_top_row_border=\u00bb1px\u00bb border_width_right_row_border=\u00bb1px\u00bb border_radii_pagination_button_border=\u00bbon|4px|4px|4px|4px\u00bb border_color_all_image_border=\u00bb#E02B20&#8243; global_colors_info=\u00bb{}\u00bb row_even_background_bgcolor__hover_enabled=\u00bbon|hover\u00bb row_even_background_bgcolor__hover=\u00bb#384d67&#8243; row_odd_background_bgcolor__hover_enabled=\u00bbon|desktop\u00bb row_odd_background_bgcolor__hover=\u00bb#384d67&#8243; paging_active_button_background_bgcolor__hover_enabled=\u00bbon|hover\u00bb paging_active_button_background_bgcolor__hover=\u00bb#21334c\u00bb paging_button_background_bgcolor__hover_enabled=\u00bbon|desktop\u00bb paging_button_background_bgcolor__hover=\u00bb#21334c\u00bb][\/difl_advanced_data_table][\/et_pb_column][\/et_pb_row][\/et_pb_section][et_pb_section fb_built=\u00bb1&#8243; module_id=\u00bbotros\u00bb _builder_version=\u00bb4.16&#8243; _module_preset=\u00bbdefault\u00bb background_color=\u00bb#00bae3&#8243; global_colors_info=\u00bb{}\u00bb][et_pb_row column_structure=\u00bb1_3,2_3&#8243; _builder_version=\u00bb4.16&#8243; _module_preset=\u00bbdefault\u00bb global_colors_info=\u00bb{}\u00bb][et_pb_column type=\u00bb1_3&#8243; _builder_version=\u00bb4.16&#8243; _module_preset=\u00bbdefault\u00bb global_colors_info=\u00bb{}\u00bb][et_pb_text admin_label=\u00bbASESORIAS\u00bb _builder_version=\u00bb4.16&#8243; _module_preset=\u00bbdefault\u00bb text_font=\u00bbOswald|600|||||||\u00bb text_font_size=\u00bb32px\u00bb background_layout=\u00bbdark\u00bb locked=\u00bboff\u00bb global_colors_info=\u00bb{}\u00bb]<\/p>\n<p>OTROS CURSOS<\/p>\n<p>[\/et_pb_text][et_pb_text _builder_version=\u00bb4.16&#8243; _module_preset=\u00bbdefault\u00bb text_font_size=\u00bb20px\u00bb header_font_size=\u00bb32px\u00bb background_layout=\u00bbdark\u00bb locked=\u00bboff\u00bb global_colors_info=\u00bb{}\u00bb]<\/p>\n<p>\u2022 Curso de seguridad<\/p>\n<p>\u2022 Curso de manejo y dise\u00f1o de Gas LP y Natural<\/p>\n<p>\u2022 Cursos de Dise\u00f1o e Ingenier\u00eda<\/p>\n<p>\u2022 Cursos Normativos de seguridad<\/p>\n<p>\u2022 Interpretaci\u00f3n de c\u00f3digos ASME, API, AWS\u00a8<\/p>\n<p>\u2022 Cursos de operador de calderas y RSP<\/p>\n<p>\u2022 Cursos de Metrolog\u00eda<\/p>\n<p>\u2022 Cursos de Calidad<\/p>\n<p>[\/et_pb_text][\/et_pb_column][et_pb_column type=\u00bb2_3&#8243; _builder_version=\u00bb4.16&#8243; _module_preset=\u00bbdefault\u00bb global_colors_info=\u00bb{}\u00bb][et_pb_image src=\u00bbhttp:\/\/www.ascensus.com.mx\/cisgdl\/p1\/wp-content\/uploads\/2021\/12\/trabajador-otros-cursos.png\u00bb title_text=\u00bbtrabajador-otros-cursos\u00bb align=\u00bbright\u00bb _builder_version=\u00bb4.16&#8243; _module_preset=\u00bbdefault\u00bb custom_margin=\u00bb|0px||auto|false|false\u00bb locked=\u00bboff\u00bb global_colors_info=\u00bb{}\u00bb][\/et_pb_image][\/et_pb_column][\/et_pb_row][\/et_pb_section]<\/p>\n","protected":false},"excerpt":{"rendered":"<p>Contamos con decenas de cursos de capacitaci\u00f3n para que su personal est\u00e9 al d\u00eda.Contamos con decenas de cursos de capacitaci\u00f3n para que su personal est\u00e9 al d\u00eda.Contamos con decenas de cursos de capacitaci\u00f3n para que su personal est\u00e9 al d\u00eda.ASESORIASContamos con personal t\u00e9cnico competitivo y calificado para la supervisi\u00f3n de los procesos de soldadura al [&hellip;]<\/p>\n","protected":false},"author":1,"featured_media":0,"parent":0,"menu_order":0,"comment_status":"closed","ping_status":"closed","template":"","meta":{"_et_pb_use_builder":"on","_et_pb_old_content":"<!-- wp:divi\/placeholder \/-->","_et_gb_content_width":"","footnotes":""},"class_list":["post-247927","page","type-page","status-publish","hentry"],"_links":{"self":[{"href":"https:\/\/www.ascensus.com.mx\/cisgdl\/p1\/wp-json\/wp\/v2\/pages\/247927","targetHints":{"allow":["GET"]}}],"collection":[{"href":"https:\/\/www.ascensus.com.mx\/cisgdl\/p1\/wp-json\/wp\/v2\/pages"}],"about":[{"href":"https:\/\/www.ascensus.com.mx\/cisgdl\/p1\/wp-json\/wp\/v2\/types\/page"}],"author":[{"embeddable":true,"href":"https:\/\/www.ascensus.com.mx\/cisgdl\/p1\/wp-json\/wp\/v2\/users\/1"}],"replies":[{"embeddable":true,"href":"https:\/\/www.ascensus.com.mx\/cisgdl\/p1\/wp-json\/wp\/v2\/comments?post=247927"}],"version-history":[{"count":41,"href":"https:\/\/www.ascensus.com.mx\/cisgdl\/p1\/wp-json\/wp\/v2\/pages\/247927\/revisions"}],"predecessor-version":[{"id":249419,"href":"https:\/\/www.ascensus.com.mx\/cisgdl\/p1\/wp-json\/wp\/v2\/pages\/247927\/revisions\/249419"}],"wp:attachment":[{"href":"https:\/\/www.ascensus.com.mx\/cisgdl\/p1\/wp-json\/wp\/v2\/media?parent=247927"}],"curies":[{"name":"wp","href":"https:\/\/api.w.org\/{rel}","templated":true}]}}