{"id":248001,"date":"2021-12-28T02:57:22","date_gmt":"2021-12-28T02:57:22","guid":{"rendered":"https:\/\/www.ascensus.com.mx\/cisgdl\/p1\/?page_id=248001"},"modified":"2021-12-29T03:13:11","modified_gmt":"2021-12-29T03:13:11","slug":"pruebas-destructivas-y-no-destructivas-pruebas-a-soldaduras","status":"publish","type":"page","link":"https:\/\/www.ascensus.com.mx\/cisgdl\/p1\/pruebas-destructivas-y-no-destructivas-pruebas-a-soldaduras\/","title":{"rendered":"Pruebas-destructivas-y-no-destructivas-pruebas-a- soldaduras"},"content":{"rendered":"<p>[et_pb_section fb_built=\u00bb1&#8243; fullwidth=\u00bbon\u00bb _builder_version=\u00bb4.14.4&#8243; _module_preset=\u00bbdefault\u00bb background_size=\u00bbinitial\u00bb background_position=\u00bbtop_center\u00bb custom_padding=\u00bb||||true|false\u00bb hover_enabled=\u00bb0&#8243; collapsed=\u00bboff\u00bb global_colors_info=\u00bb{}\u00bb admin_label=\u00bbdiapositivas\u00bb sticky_enabled=\u00bb0&#8243;][et_pb_fullwidth_slider admin_label=\u00bbDeslizador Pruebas destructivas\u00bb _builder_version=\u00bb4.14.4&#8243; _module_preset=\u00bbdefault\u00bb custom_padding=\u00bb25%||25%||true|false\u00bb hover_enabled=\u00bb0&#8243; global_colors_info=\u00bb{}\u00bb sticky_enabled=\u00bb0&#8243;][et_pb_slide heading=\u00bbPruebas destructivas\u00bb button_text=\u00bbVer\u00bb button_link=\u00bb#destructivas\u00bb image=\u00bbhttp:\/\/www.ascensus.com.mx\/cisgdl\/p1\/wp-content\/uploads\/2021\/12\/Alpha-PNG.png\u00bb use_bg_overlay=\u00bbon\u00bb bg_overlay_color=\u00bbrgba(0,0,0,0.45)\u00bb _builder_version=\u00bb4.14.4&#8243; _module_preset=\u00bbdefault\u00bb header_font=\u00bbOswald|700|||||||\u00bb body_font_size=\u00bb24px\u00bb background_enable_color=\u00bboff\u00bb background_image=\u00bbhttp:\/\/www.ascensus.com.mx\/cisgdl\/p1\/wp-content\/uploads\/2021\/12\/banner-pruebas-destructivas.jpg\u00bb background_enable_image=\u00bbon\u00bb max_width=\u00bb55%\u00bb hover_enabled=\u00bb0&#8243; global_colors_info=\u00bb{}\u00bb sticky_transition=\u00bbon\u00bb sticky_enabled=\u00bb0&#8243;]<\/p>\n<p>Contamos con decenas de cursos de capacitaci\u00f3n para que su personal est\u00e9 al d\u00eda.<\/p>\n<p>[\/et_pb_slide][et_pb_slide heading=\u00bbPruebas No destructivas\u00bb button_text=\u00bbVer\u00bb button_link=\u00bb#noDestructivas\u00bb image=\u00bbhttp:\/\/www.ascensus.com.mx\/cisgdl\/p1\/wp-content\/uploads\/2021\/12\/Alpha-PNG.png\u00bb use_bg_overlay=\u00bbon\u00bb bg_overlay_color=\u00bbrgba(0,0,0,0.45)\u00bb _builder_version=\u00bb4.14.4&#8243; _module_preset=\u00bbdefault\u00bb header_font=\u00bbOswald|700|||||||\u00bb body_font_size=\u00bb24px\u00bb background_enable_color=\u00bboff\u00bb background_image=\u00bbhttp:\/\/www.ascensus.com.mx\/cisgdl\/p1\/wp-content\/uploads\/2021\/12\/banner-pruebas-no-destructivas.jpg\u00bb background_enable_image=\u00bbon\u00bb max_width=\u00bb55%\u00bb hover_enabled=\u00bb0&#8243; global_colors_info=\u00bb{}\u00bb sticky_transition=\u00bbon\u00bb sticky_enabled=\u00bb0&#8243;]<\/p>\n<p>Contamos con decenas de cursos de capacitaci\u00f3n para que su personal est\u00e9 al d\u00eda.<\/p>\n<p>[\/et_pb_slide][et_pb_slide heading=\u00bbPruebas a Soldaduras\u00bb button_text=\u00bbVer\u00bb button_link=\u00bb#soldaduras\u00bb image=\u00bbhttp:\/\/www.ascensus.com.mx\/cisgdl\/p1\/wp-content\/uploads\/2021\/12\/Alpha-PNG.png\u00bb use_bg_overlay=\u00bbon\u00bb bg_overlay_color=\u00bbrgba(0,0,0,0.45)\u00bb _builder_version=\u00bb4.14.4&#8243; _module_preset=\u00bbdefault\u00bb header_font=\u00bbOswald|700|||||||\u00bb body_font_size=\u00bb24px\u00bb background_enable_color=\u00bboff\u00bb background_image=\u00bbhttp:\/\/www.ascensus.com.mx\/cisgdl\/p1\/wp-content\/uploads\/2021\/12\/banner-pruebas-a-soldadura.jpg\u00bb background_enable_image=\u00bbon\u00bb max_width=\u00bb55%\u00bb hover_enabled=\u00bb0&#8243; global_colors_info=\u00bb{}\u00bb sticky_transition=\u00bbon\u00bb sticky_enabled=\u00bb0&#8243;]<\/p>\n<p>Contamos con decenas de cursos de capacitaci\u00f3n para que su personal est\u00e9 al d\u00eda.<\/p>\n<p>[\/et_pb_slide][\/et_pb_fullwidth_slider][\/et_pb_section][et_pb_section fb_built=\u00bb1&#8243; _builder_version=\u00bb4.14.4&#8243; _module_preset=\u00bbdefault\u00bb hover_enabled=\u00bb0&#8243; global_colors_info=\u00bb{}\u00bb admin_label=\u00bbPruebas Destructivas\u00bb module_id=\u00bbdestructivas\u00bb sticky_enabled=\u00bb0&#8243;][et_pb_row column_structure=\u00bb2_3,1_3&#8243; _builder_version=\u00bb4.14.4&#8243; _module_preset=\u00bbdefault\u00bb global_colors_info=\u00bb{}\u00bb][et_pb_column type=\u00bb2_3&#8243; _builder_version=\u00bb4.14.4&#8243; _module_preset=\u00bbdefault\u00bb global_colors_info=\u00bb{}\u00bb][et_pb_image src=\u00bbhttp:\/\/www.ascensus.com.mx\/cisgdl\/p1\/wp-content\/uploads\/2021\/12\/AdobeStock_409921833_Preview.jpeg\u00bb title_text=\u00bbAdobeStock_409921833_Preview\u00bb _builder_version=\u00bb4.14.4&#8243; _module_preset=\u00bbdefault\u00bb background_enable_image=\u00bboff\u00bb locked=\u00bboff\u00bb global_colors_info=\u00bb{}\u00bb][\/et_pb_image][\/et_pb_column][et_pb_column type=\u00bb1_3&#8243; _builder_version=\u00bb4.14.4&#8243; _module_preset=\u00bbdefault\u00bb global_colors_info=\u00bb{}\u00bb][et_pb_text _builder_version=\u00bb4.14.4&#8243; _module_preset=\u00bbdefault\u00bb text_font=\u00bbOswald|700|||||||\u00bb text_font_size=\u00bb33px\u00bb text_line_height=\u00bb1.8em\u00bb header_font=\u00bbOswald|700|||||||\u00bb header_font_size=\u00bb32px\u00bb locked=\u00bboff\u00bb global_colors_info=\u00bb{}\u00bb]<\/p>\n<p>PRUEBAS DESTRUCTIVAS<\/p>\n<p>[\/et_pb_text][et_pb_text _builder_version=\u00bb4.14.4&#8243; _module_preset=\u00bbdefault\u00bb locked=\u00bboff\u00bb global_colors_info=\u00bb{}\u00bb]<\/p>\n<p>Contamos con las siguientes pruebas:<\/p>\n<p>\u2022 An\u00e1lisis Qu\u00edmico a metales<br \/>\u2022 Pruebas Metalogr\u00e1ficas <br \/>\u2022 Dureza (Rockwell, Brinell, Webster,Barcoll)<br \/>\u2022 Tensi\u00f3n<br \/>\u2022 Compresi\u00f3n<br \/>\u2022 Doblez<br \/>\u2022 C\u00e1mara Salina<\/p>\n<table class=\"art-article\" style=\"width: 100%;\" width=\"120%\">\n<tbody>\n<tr>\n<td style=\"width: 34%; text-align: center;\"><\/td>\n<\/tr>\n<\/tbody>\n<\/table>\n<p>[\/et_pb_text][\/et_pb_column][\/et_pb_row][\/et_pb_section][et_pb_section fb_built=\u00bb1&#8243; _builder_version=\u00bb4.14.4&#8243; _module_preset=\u00bbdefault\u00bb hover_enabled=\u00bb0&#8243; global_colors_info=\u00bb{}\u00bb background_color=\u00bb#bcbcbc\u00bb admin_label=\u00bbPruebas No Destructivas\u00bb module_id=\u00bbnoDestructivas\u00bb sticky_enabled=\u00bb0&#8243;][et_pb_row column_structure=\u00bb1_2,1_2&#8243; _builder_version=\u00bb4.14.4&#8243; _module_preset=\u00bbdefault\u00bb custom_margin=\u00bb0px||0px||false|false\u00bb custom_padding=\u00bb0px||0px||false|false\u00bb global_colors_info=\u00bb{}\u00bb][et_pb_column type=\u00bb1_2&#8243; _builder_version=\u00bb4.14.4&#8243; _module_preset=\u00bbdefault\u00bb global_colors_info=\u00bb{}\u00bb][et_pb_text _builder_version=\u00bb4.14.4&#8243; _module_preset=\u00bbdefault\u00bb text_font=\u00bbOswald|700|||||||\u00bb text_font_size=\u00bb33px\u00bb text_line_height=\u00bb1.8em\u00bb header_font=\u00bbOswald|700|||||||\u00bb header_font_size=\u00bb32px\u00bb text_orientation=\u00bbcenter\u00bb custom_margin=\u00bb0px||||false|false\u00bb custom_padding=\u00bb0px||0px||false|false\u00bb locked=\u00bboff\u00bb global_colors_info=\u00bb{}\u00bb]<\/p>\n<p>PRUEBAS NO DESTRUCTIVAS<\/p>\n<p>[\/et_pb_text][et_pb_text _builder_version=\u00bb4.14.4&#8243; _module_preset=\u00bbdefault\u00bb custom_margin=\u00bb0px||||false|false\u00bb custom_padding=\u00bb0px||||false|false\u00bb locked=\u00bboff\u00bb global_colors_info=\u00bb{}\u00bb]<\/p>\n<table style=\"width: 100%; border-collapse: collapse; margin-left: auto; margin-right: auto;\" cellspacing=\"0\" cellpadding=\"0\" border=\"0\">\n<tbody>\n<tr>\n<td style=\"width: 50%; vertical-align: top;\">\u2022 Ultrasonido industrial<\/td>\n<td style=\"width: 50%;\">\u2022 Medici\u00f3n de espesores de recipientes a presi\u00f3n<\/td>\n<\/tr>\n<tr>\n<td style=\"width: 50%;\">\u2022 Radiograf\u00eda Industrial<\/td>\n<td style=\"width: 50%;\">\u2022 Medici\u00f3n de Recubrimientos<\/td>\n<\/tr>\n<tr>\n<td style=\"width: 50%;\">\u2022 L\u00edquidos Penetrantes<\/td>\n<td style=\"width: 50%;\">\u2022 Replicas Metalogr\u00e1ficas<\/td>\n<\/tr>\n<tr>\n<td style=\"width: 50%;\">\u2022 Part\u00edculas magn\u00e9ticas<\/td>\n<td style=\"width: 50%;\">\u2022 Baroscopio<\/td>\n<\/tr>\n<tr>\n<td style=\"width: 50%;\">\u2022 Inspecci\u00f3n Visual<\/td>\n<td style=\"width: 50%;\">\u2022 Detector de porosidad holiday<\/td>\n<\/tr>\n<tr>\n<td style=\"width: 50%;\">\u2022 C\u00e1mara de Vac\u00edo<\/td>\n<td style=\"width: 50%;\"><\/td>\n<\/tr>\n<\/tbody>\n<\/table>\n<p>[\/et_pb_text][\/et_pb_column][et_pb_column type=\u00bb1_2&#8243; _builder_version=\u00bb4.14.4&#8243; _module_preset=\u00bbdefault\u00bb global_colors_info=\u00bb{}\u00bb][et_pb_image src=\u00bbhttp:\/\/www.ascensus.com.mx\/cisgdl\/p1\/wp-content\/uploads\/2021\/12\/AdobeStock_304150500_Preview.jpeg\u00bb title_text=\u00bbAdobeStock_304150500_Preview\u00bb _builder_version=\u00bb4.14.4&#8243; _module_preset=\u00bbdefault\u00bb background_enable_image=\u00bboff\u00bb locked=\u00bboff\u00bb global_colors_info=\u00bb{}\u00bb][\/et_pb_image][\/et_pb_column][\/et_pb_row][\/et_pb_section][et_pb_section fb_built=\u00bb1&#8243; _builder_version=\u00bb4.14.4&#8243; _module_preset=\u00bbdefault\u00bb hover_enabled=\u00bb0&#8243; global_colors_info=\u00bb{}\u00bb admin_label=\u00bbPruebas a Soldaduras\u00bb module_id=\u00bbsoldaduras\u00bb sticky_enabled=\u00bb0&#8243;][et_pb_row column_structure=\u00bb3_5,2_5&#8243; _builder_version=\u00bb4.14.4&#8243; _module_preset=\u00bbdefault\u00bb global_colors_info=\u00bb{}\u00bb][et_pb_column type=\u00bb3_5&#8243; _builder_version=\u00bb4.14.4&#8243; _module_preset=\u00bbdefault\u00bb global_colors_info=\u00bb{}\u00bb][et_pb_image src=\u00bbhttp:\/\/www.ascensus.com.mx\/cisgdl\/p1\/wp-content\/uploads\/2021\/12\/AdobeStock_316567952_Preview.jpeg\u00bb title_text=\u00bbAdobeStock_316567952_Preview\u00bb _builder_version=\u00bb4.14.4&#8243; _module_preset=\u00bbdefault\u00bb background_enable_image=\u00bboff\u00bb locked=\u00bboff\u00bb global_colors_info=\u00bb{}\u00bb][\/et_pb_image][\/et_pb_column][et_pb_column type=\u00bb2_5&#8243; _builder_version=\u00bb4.14.4&#8243; _module_preset=\u00bbdefault\u00bb global_colors_info=\u00bb{}\u00bb][et_pb_text _builder_version=\u00bb4.14.4&#8243; _module_preset=\u00bbdefault\u00bb text_font=\u00bbOswald|700|||||||\u00bb text_font_size=\u00bb33px\u00bb text_line_height=\u00bb1.8em\u00bb header_font=\u00bbOswald|700|||||||\u00bb header_font_size=\u00bb32px\u00bb text_orientation=\u00bbcenter\u00bb custom_margin=\u00bb0px||||false|false\u00bb custom_padding=\u00bb0px||0px||false|false\u00bb locked=\u00bboff\u00bb global_colors_info=\u00bb{}\u00bb]<\/p>\n<p>PRUEBAS A SOLDADURAS<\/p>\n<p>[\/et_pb_text][et_pb_text _builder_version=\u00bb4.14.4&#8243; _module_preset=\u00bbdefault\u00bb custom_margin=\u00bb0px||||false|false\u00bb custom_padding=\u00bb0px||||false|false\u00bb locked=\u00bboff\u00bb global_colors_info=\u00bb{}\u00bb]\u2022 Calificaci\u00f3n de procedimientos de soldadura<br \/>\n\u2022 Elaboraci\u00f3n de procedimientos de soldadura<br \/>\n\u2022 Calificaci\u00f3n de soldadores \t\u2022 Macroataque<br \/>\n\u2022 Inspecci\u00f3n visual<br \/>\n\u2022 Supervisi\u00f3n de obras[\/et_pb_text][\/et_pb_column][\/et_pb_row][\/et_pb_section]<\/p>\n","protected":false},"excerpt":{"rendered":"<p>Contamos con decenas de cursos de capacitaci\u00f3n para que su personal est\u00e9 al d\u00eda.Contamos con decenas de cursos de capacitaci\u00f3n para que su personal est\u00e9 al d\u00eda.Contamos con decenas de cursos de capacitaci\u00f3n para que su personal est\u00e9 al d\u00eda.PRUEBAS DESTRUCTIVASContamos con las siguientes pruebas: \u2022 An\u00e1lisis Qu\u00edmico a metales\u2022 Pruebas Metalogr\u00e1ficas \u2022 Dureza (Rockwell, [&hellip;]<\/p>\n","protected":false},"author":1,"featured_media":0,"parent":0,"menu_order":0,"comment_status":"closed","ping_status":"closed","template":"","meta":{"_et_pb_use_builder":"on","_et_pb_old_content":"","_et_gb_content_width":"","footnotes":""},"class_list":["post-248001","page","type-page","status-publish","hentry"],"_links":{"self":[{"href":"https:\/\/www.ascensus.com.mx\/cisgdl\/p1\/wp-json\/wp\/v2\/pages\/248001","targetHints":{"allow":["GET"]}}],"collection":[{"href":"https:\/\/www.ascensus.com.mx\/cisgdl\/p1\/wp-json\/wp\/v2\/pages"}],"about":[{"href":"https:\/\/www.ascensus.com.mx\/cisgdl\/p1\/wp-json\/wp\/v2\/types\/page"}],"author":[{"embeddable":true,"href":"https:\/\/www.ascensus.com.mx\/cisgdl\/p1\/wp-json\/wp\/v2\/users\/1"}],"replies":[{"embeddable":true,"href":"https:\/\/www.ascensus.com.mx\/cisgdl\/p1\/wp-json\/wp\/v2\/comments?post=248001"}],"version-history":[{"count":52,"href":"https:\/\/www.ascensus.com.mx\/cisgdl\/p1\/wp-json\/wp\/v2\/pages\/248001\/revisions"}],"predecessor-version":[{"id":248178,"href":"https:\/\/www.ascensus.com.mx\/cisgdl\/p1\/wp-json\/wp\/v2\/pages\/248001\/revisions\/248178"}],"wp:attachment":[{"href":"https:\/\/www.ascensus.com.mx\/cisgdl\/p1\/wp-json\/wp\/v2\/media?parent=248001"}],"curies":[{"name":"wp","href":"https:\/\/api.w.org\/{rel}","templated":true}]}}